{"id":2436,"date":"2018-03-08T16:55:53","date_gmt":"2018-03-08T21:55:53","guid":{"rendered":"https:\/\/omegafruit.ca\/shop\/non%20class\u00e9\/poudre-de-baies-d-argousier-lyophilisee\/"},"modified":"2023-11-11T11:04:09","modified_gmt":"2023-11-11T16:04:09","slug":"poudre-de-baies-d-argousier-lyophilisee","status":"publish","type":"product","link":"https:\/\/omegafruit.ca\/fr\/shop\/meilleurs-vendeurs\/poudre-de-baies-d-argousier-lyophilisee\/","title":{"rendered":"Baies d&#8217;Argousier D\u00e9shydrat\u00e9"},"content":{"rendered":"<p>La poudre de jus d&#8217;argousier d\u00e9shydrat\u00e9 est fait de pulpe broy\u00e9e de la baie et ne contient aucun ingr\u00e9dient additionnel.<\/p>\n<p>Emballage: 75g <a href=\"https:\/\/www.ecocert.com\/fr-CA\/home\" target=\"_blank\" rel=\"noopener\">Certifi\u00e9 biologique<\/a>,<\/p>\n<p>Fabricants de produits alimentaires et de boissons, veuillez <a href=\"https:\/\/omegafruit.ca\/contactez-nous\/?lang=fr\">nous contacter<\/a> pour en savoir plus sur les avantage d&#8217;achat en volume et les minimums d&#8217;achat<\/p>\n","protected":false},"excerpt":{"rendered":"<p>Ingr\u00e9dients : Poudre de baies d&#8217;argousier d\u00e9shydrat\u00e9. Sac de 75g<\/p>\n","protected":false},"featured_media":2360,"comment_status":"open","ping_status":"closed","template":"","meta":{"wprm-recipe-roundup-name":"","wprm-recipe-roundup-description":""},"product_brand":[],"product_cat":[495,324],"product_tag":[546,472,467,477,480,482,491],"class_list":{"0":"post-2436","1":"product","2":"type-product","3":"status-publish","4":"has-post-thumbnail","6":"product_cat-meilleurs-vendeurs","7":"product_cat-produits-d-argousier-seches","8":"product_tag-garde-manger","9":"product_tag-herbal-fr","10":"product_tag-lyophilise","11":"product_tag-nutriments","12":"product_tag-poudre","13":"product_tag-remedes","14":"product_tag-vitamines","15":"product_shipping_class-regulier","17":"first","18":"instock","19":"taxable","20":"shipping-taxable","21":"purchasable","22":"product-type-simple"},"_links":{"self":[{"href":"https:\/\/omegafruit.ca\/fr\/wp-json\/wp\/v2\/product\/2436","targetHints":{"allow":["GET"]}}],"collection":[{"href":"https:\/\/omegafruit.ca\/fr\/wp-json\/wp\/v2\/product"}],"about":[{"href":"https:\/\/omegafruit.ca\/fr\/wp-json\/wp\/v2\/types\/product"}],"replies":[{"embeddable":true,"href":"https:\/\/omegafruit.ca\/fr\/wp-json\/wp\/v2\/comments?post=2436"}],"wp:featuredmedia":[{"embeddable":true,"href":"https:\/\/omegafruit.ca\/fr\/wp-json\/wp\/v2\/media\/2360"}],"wp:attachment":[{"href":"https:\/\/omegafruit.ca\/fr\/wp-json\/wp\/v2\/media?parent=2436"}],"wp:term":[{"taxonomy":"product_brand","embeddable":true,"href":"https:\/\/omegafruit.ca\/fr\/wp-json\/wp\/v2\/product_brand?post=2436"},{"taxonomy":"product_cat","embeddable":true,"href":"https:\/\/omegafruit.ca\/fr\/wp-json\/wp\/v2\/product_cat?post=2436"},{"taxonomy":"product_tag","embeddable":true,"href":"https:\/\/omegafruit.ca\/fr\/wp-json\/wp\/v2\/product_tag?post=2436"}],"curies":[{"name":"wp","href":"https:\/\/api.w.org\/{rel}","templated":true}]}}